{"id":9,"date":"2026-01-14T08:00:43","date_gmt":"2026-01-14T07:00:43","guid":{"rendered":"http:\/\/10.237.0.46\/?page_id=9"},"modified":"2026-01-19T22:32:34","modified_gmt":"2026-01-19T21:32:34","slug":"hjem","status":"publish","type":"page","link":"https:\/\/norsktimen.site\/","title":{"rendered":"Hjem"},"content":{"rendered":"\n<div class=\"wp-block-cover alignfull is-light\" style=\"min-height:720px;aspect-ratio:unset;\"><span aria-hidden=\"true\" class=\"wp-block-cover__background has-background-dim-100 has-background-dim has-background-gradient\" style=\"background:linear-gradient(35deg,rgb(6,0,151) 0%,rgb(130,4,255) 73%,rgb(193,15,255) 100%)\"><\/span><div class=\"wp-block-cover__inner-container is-layout-flow wp-block-cover-is-layout-flow\">\n<div class=\"inherit-container-width wp-block-group alignwide is-layout-constrained wp-block-group-is-layout-constrained\">\n<div class=\"wp-block-media-text alignwide has-media-on-the-right is-stacked-on-mobile is-vertically-aligned-center\" style=\"grid-template-columns:auto 26%\"><div class=\"wp-block-media-text__content\">\n<h1 class=\"wp-block-heading has-text-align-left has-white-color has-text-color\">Du betyr noe!<\/h1>\n\n\n\n<p class=\"has-white-color has-text-color\">Ved \u00e5 s\u00f8ke l\u00e6rlingplass hos oss, s\u00e5 betyr du noe! S\u00f8k med knappen under!<\/p>\n\n\n\n<div class=\"wp-block-buttons is-layout-flex wp-block-buttons-is-layout-flex\">\n<div class=\"wp-block-button\"><a class=\"wp-block-button__link wp-element-button\" href=\"http:\/\/norsktimen.site\/index.php\/current-jobs\/\">Ledige plasser!<\/a><\/div>\n<\/div>\n<\/div><figure class=\"wp-block-media-text__media\"><img loading=\"lazy\" decoding=\"async\" width=\"512\" height=\"512\" src=\"http:\/\/10.237.0.46\/wp-content\/uploads\/2026\/01\/cropped-cropped-b3c73ad1-6288-409f-9d07-7e63e9b5d3a9-1.png\" alt=\"\" class=\"wp-image-27 size-full\" srcset=\"https:\/\/norsktimen.site\/wp-content\/uploads\/2026\/01\/cropped-cropped-b3c73ad1-6288-409f-9d07-7e63e9b5d3a9-1.png 512w, https:\/\/norsktimen.site\/wp-content\/uploads\/2026\/01\/cropped-cropped-b3c73ad1-6288-409f-9d07-7e63e9b5d3a9-1-300x300.png 300w, https:\/\/norsktimen.site\/wp-content\/uploads\/2026\/01\/cropped-cropped-b3c73ad1-6288-409f-9d07-7e63e9b5d3a9-1-150x150.png 150w, https:\/\/norsktimen.site\/wp-content\/uploads\/2026\/01\/cropped-cropped-b3c73ad1-6288-409f-9d07-7e63e9b5d3a9-1-270x270.png 270w, https:\/\/norsktimen.site\/wp-content\/uploads\/2026\/01\/cropped-cropped-b3c73ad1-6288-409f-9d07-7e63e9b5d3a9-1-192x192.png 192w, https:\/\/norsktimen.site\/wp-content\/uploads\/2026\/01\/cropped-cropped-b3c73ad1-6288-409f-9d07-7e63e9b5d3a9-1-180x180.png 180w, https:\/\/norsktimen.site\/wp-content\/uploads\/2026\/01\/cropped-cropped-b3c73ad1-6288-409f-9d07-7e63e9b5d3a9-1-32x32.png 32w\" sizes=\"auto, (max-width: 512px) 100vw, 512px\" \/><\/figure><\/div>\n<\/div>\n<\/div><\/div>\n\n\n\n<div class=\"wp-block-group alignfull has-ast-global-color-5-background-color has-background is-layout-constrained wp-container-core-group-is-layout-9cedb757 wp-block-group-is-layout-constrained\" style=\"padding-bottom:0px\">\n<div class=\"wp-block-columns are-vertically-aligned-top is-layout-flex wp-container-core-columns-is-layout-00723822 wp-block-columns-is-layout-flex\">\n<div class=\"wp-block-column is-vertically-aligned-top is-layout-flow wp-container-core-column-is-layout-6b73ce23 wp-block-column-is-layout-flow\">\n<figure class=\"wp-block-image size-large\"><img decoding=\"async\" src=\"http:\/\/10.237.0.46\/wp-content\/themes\/astra\/inc\/assets\/images\/starter-content\/building.svg\" alt=\"\" class=\"wp-image-134\"\/><\/figure>\n\n\n\n<h3 class=\"wp-block-heading has-text-align-left\" style=\"margin-top:16px\">Trygg fagoppl\u00e6ring<\/h3>\n\n\n\n<p class=\"has-text-align-left\">vi fikser l\u00e6rlinger uten stress og bullshit.<\/p>\n<\/div>\n\n\n\n<div class=\"wp-block-column is-vertically-aligned-top is-layout-flow wp-container-core-column-is-layout-6b73ce23 wp-block-column-is-layout-flow\">\n<figure class=\"wp-block-image size-large\"><img decoding=\"async\" src=\"http:\/\/10.237.0.46\/wp-content\/themes\/astra\/inc\/assets\/images\/starter-content\/shopping-bag.svg\" alt=\"\" class=\"wp-image-135\"\/><\/figure>\n\n\n\n<h3 class=\"wp-block-heading has-text-align-left\" style=\"margin-top:16px\">Tett oppf\u00f8lging<\/h3>\n\n\n\n<p class=\"has-text-align-left\">ingen blir glemt i systemet (ja, faktisk).<\/p>\n<\/div>\n\n\n\n<div class=\"wp-block-column is-vertically-aligned-top is-layout-flow wp-container-core-column-is-layout-6b73ce23 wp-block-column-is-layout-flow\">\n<figure class=\"wp-block-image size-large\"><img decoding=\"async\" src=\"http:\/\/10.237.0.46\/wp-content\/themes\/astra\/inc\/assets\/images\/starter-content\/blog.svg\" alt=\"\" class=\"wp-image-136\"\/><\/figure>\n\n\n\n<h3 class=\"wp-block-heading has-text-align-left\" style=\"margin-top:16px\">Sammarbeid<\/h3>\n\n\n\n<p class=\"has-text-align-left\">skole + bedrift + deg = funker overraskende bra.<\/p>\n<\/div>\n\n\n\n<div class=\"wp-block-column is-vertically-aligned-top is-layout-flow wp-container-core-column-is-layout-6b73ce23 wp-block-column-is-layout-flow\">\n<figure class=\"wp-block-image size-large\"><img decoding=\"async\" src=\"http:\/\/10.237.0.46\/wp-content\/themes\/astra\/inc\/assets\/images\/starter-content\/portfolio.svg\" alt=\"\" class=\"wp-image-137\"\/><\/figure>\n\n\n\n<h3 class=\"wp-block-heading has-text-align-left\" style=\"margin-top:16px\">Fremtidsrettet kompetanse<\/h3>\n\n\n\n<p class=\"has-text-align-left\">mindre st\u00f8v, mer faktisk jobb.<\/p>\n<\/div>\n<\/div>\n<\/div>\n\n\n\n<div class=\"wp-block-group alignfull has-ast-global-color-5-background-color has-background is-layout-constrained wp-container-core-group-is-layout-94d206d0 wp-block-group-is-layout-constrained\" id=\"about\" style=\"padding-top:143px;padding-bottom:144px\">\n<div class=\"wp-block-media-text has-media-on-the-right is-stacked-on-mobile is-vertically-aligned-center\" style=\"grid-template-columns:auto 54%\"><div class=\"wp-block-media-text__content\">\n<div class=\"inherit-container-width wp-block-group is-layout-constrained wp-container-core-group-is-layout-47ce07ec wp-block-group-is-layout-constrained\" style=\"padding-right:80px\">\n<h2 class=\"wp-block-heading\" style=\"padding-right:40px\">Vi hjelper DEG og lykkes!<\/h2>\n\n\n\n<p>Vi i Oppl\u00e6ringskontoret Sentrum er til for \u00e5 gj\u00f8re fagoppl\u00e6ring enklere, tryggere og mer forutsigbar for b\u00e5de l\u00e6rlinger og medlemsbedrifter. Gjennom tett oppf\u00f8lging, god dialog og praktisk st\u00f8tte s\u00f8rger vi for at l\u00e6rlinger f\u00e5r utvikle seg faglig, samtidig som bedriftene f\u00e5r den st\u00f8tten de trenger i hverdagen. N\u00e5r folk trives og blir fulgt opp skikkelig, fungerer fagoppl\u00e6ring slik den faktisk skal. <\/p>\n<\/div>\n<\/div><figure class=\"wp-block-media-text__media\"><img loading=\"lazy\" decoding=\"async\" width=\"1024\" height=\"531\" src=\"http:\/\/10.237.0.46\/wp-content\/uploads\/2026\/01\/banner_apprenticeship-1024x531.jpg\" alt=\"L\u00e6rling i et av fagene v\u00e5res. \" class=\"wp-image-34 size-full\" srcset=\"https:\/\/norsktimen.site\/wp-content\/uploads\/2026\/01\/banner_apprenticeship-1024x531.jpg 1024w, https:\/\/norsktimen.site\/wp-content\/uploads\/2026\/01\/banner_apprenticeship-300x156.jpg 300w, https:\/\/norsktimen.site\/wp-content\/uploads\/2026\/01\/banner_apprenticeship-768x398.jpg 768w, https:\/\/norsktimen.site\/wp-content\/uploads\/2026\/01\/banner_apprenticeship.jpg 1400w\" sizes=\"auto, (max-width: 1024px) 100vw, 1024px\" \/><\/figure><\/div>\n<\/div>\n\n\n\n<div class=\"wp-block-group alignfull has-ast-global-color-4-background-color has-background is-layout-constrained wp-container-core-group-is-layout-6a2cfb7b wp-block-group-is-layout-constrained\" id=\"reviews\">\n<figure class=\"wp-block-image aligncenter size-full is-resized\"><img decoding=\"async\" src=\"http:\/\/10.237.0.46\/wp-content\/themes\/astra\/inc\/assets\/images\/starter-content\/avatar.png\" alt=\"\" class=\"wp-image-235\" style=\"width:100px;height:auto\"\/><\/figure>\n\n\n\n<p class=\"has-text-align-center\" style=\"font-size:22px;line-height:1.6\">\u00abVi p\u00e5 Oppl\u00e6ringskontoret Sentrum jobber hver dag for \u00e5 gi b\u00e5de l\u00e6rlinger og bedrifter trygge rammer, tydelig oppf\u00f8lging og reell faglig utvikling. Vi tror p\u00e5 tett samarbeid, klare forventninger og mennesker foran systemer. N\u00e5r l\u00e6rlinger blir sett, fulgt opp og utfordret p\u00e5 riktig m\u00e5te, skaper det ikke bare fagfolk \u2013 det bygger sterke bedrifter og et bedre arbeidsliv.\u00bb<\/p>\n\n\n\n<p class=\"has-text-align-center\">Karl Johanson &#8211; styreleder i OKS<\/p>\n\n\n\n<p><\/p>\n\n\n\n<p><\/p>\n<\/div>\n\n\n<div class=\"wp-block-site-logo\"><a href=\"https:\/\/norsktimen.site\/\" class=\"custom-logo-link\" rel=\"home\"><img loading=\"lazy\" decoding=\"async\" width=\"1204\" height=\"340\" src=\"https:\/\/norsktimen.site\/wp-content\/uploads\/2026\/01\/cropped-OKS-332x94.png\" class=\"custom-logo\" alt=\"Oppl\u00e6ringskontoret Sentrum\" srcset=\"https:\/\/norsktimen.site\/wp-content\/uploads\/2026\/01\/cropped-OKS.png 1536w, https:\/\/norsktimen.site\/wp-content\/uploads\/2026\/01\/cropped-OKS-300x85.png 300w, https:\/\/norsktimen.site\/wp-content\/uploads\/2026\/01\/cropped-OKS-1024x289.png 1024w, https:\/\/norsktimen.site\/wp-content\/uploads\/2026\/01\/cropped-OKS-768x217.png 768w, https:\/\/norsktimen.site\/wp-content\/uploads\/2026\/01\/cropped-OKS-332x94.png 332w\" sizes=\"auto, (max-width: 1204px) 100vw, 1204px\" \/><\/a><\/div>","protected":false},"excerpt":{"rendered":"<p>Trygg fagoppl\u00e6ring vi fikser l\u00e6rlinger uten stress og bullshit. Tett oppf\u00f8lging ingen blir glemt i systemet (ja, faktisk). Sammarbeid skole [&hellip;]<\/p>\n","protected":false},"author":1,"featured_media":0,"parent":0,"menu_order":0,"comment_status":"closed","ping_status":"closed","template":"","meta":{"site-sidebar-layout":"no-sidebar","site-content-layout":"plain-container","ast-site-content-layout":"default","site-content-style":"default","site-sidebar-style":"default","ast-global-header-display":"","ast-banner-title-visibility":"","ast-main-header-display":"","ast-hfb-above-header-display":"","ast-hfb-below-header-display":"","ast-hfb-mobile-header-display":"","site-post-title":"disabled","ast-breadcrumbs-content":"","ast-featured-img":"","footer-sml-layout":"","ast-disable-related-posts":"","theme-transparent-header-meta":"enabled","adv-header-id-meta":"","stick-header-meta":"","header-above-stick-meta":"","header-main-stick-meta":"","header-below-stick-meta":"","astra-migrate-meta-layouts":"default","ast-page-background-enabled":"default","ast-page-background-meta":{"desktop":{"background-color":"var(--ast-global-color-5)","background-image":"","background-repeat":"repeat","background-position":"center center","background-size":"auto","background-attachment":"scroll","background-type":"","background-media":"","overlay-type":"","overlay-color":"","overlay-opacity":"","overlay-gradient":""},"tablet":{"background-color":"","background-image":"","background-repeat":"repeat","background-position":"center center","background-size":"auto","background-attachment":"scroll","background-type":"","background-media":"","overlay-type":"","overlay-color":"","overlay-opacity":"","overlay-gradient":""},"mobile":{"background-color":"","background-image":"","background-repeat":"repeat","background-position":"center center","background-size":"auto","background-attachment":"scroll","background-type":"","background-media":"","overlay-type":"","overlay-color":"","overlay-opacity":"","overlay-gradient":""}},"ast-content-background-meta":{"desktop":{"background-color":"var(--ast-global-color-4)","background-image":"","background-repeat":"repeat","background-position":"center center","background-size":"auto","background-attachment":"scroll","background-type":"","background-media":"","overlay-type":"","overlay-color":"","overlay-opacity":"","overlay-gradient":""},"tablet":{"background-color":"var(--ast-global-color-4)","background-image":"","background-repeat":"repeat","background-position":"center center","background-size":"auto","background-attachment":"scroll","background-type":"","background-media":"","overlay-type":"","overlay-color":"","overlay-opacity":"","overlay-gradient":""},"mobile":{"background-color":"var(--ast-global-color-4)","background-image":"","background-repeat":"repeat","background-position":"center center","background-size":"auto","background-attachment":"scroll","background-type":"","background-media":"","overlay-type":"","overlay-color":"","overlay-opacity":"","overlay-gradient":""}},"footnotes":""},"class_list":["post-9","page","type-page","status-publish","hentry"],"_links":{"self":[{"href":"https:\/\/norsktimen.site\/index.php\/wp-json\/wp\/v2\/pages\/9","targetHints":{"allow":["GET"]}}],"collection":[{"href":"https:\/\/norsktimen.site\/index.php\/wp-json\/wp\/v2\/pages"}],"about":[{"href":"https:\/\/norsktimen.site\/index.php\/wp-json\/wp\/v2\/types\/page"}],"author":[{"embeddable":true,"href":"https:\/\/norsktimen.site\/index.php\/wp-json\/wp\/v2\/users\/1"}],"replies":[{"embeddable":true,"href":"https:\/\/norsktimen.site\/index.php\/wp-json\/wp\/v2\/comments?post=9"}],"version-history":[{"count":9,"href":"https:\/\/norsktimen.site\/index.php\/wp-json\/wp\/v2\/pages\/9\/revisions"}],"predecessor-version":[{"id":55,"href":"https:\/\/norsktimen.site\/index.php\/wp-json\/wp\/v2\/pages\/9\/revisions\/55"}],"wp:attachment":[{"href":"https:\/\/norsktimen.site\/index.php\/wp-json\/wp\/v2\/media?parent=9"}],"curies":[{"name":"wp","href":"https:\/\/api.w.org\/{rel}","templated":true}]}}