{"id":71,"date":"2026-01-19T23:13:56","date_gmt":"2026-01-19T22:13:56","guid":{"rendered":"http:\/\/norsktimen.site\/?page_id=71"},"modified":"2026-01-19T23:16:23","modified_gmt":"2026-01-19T22:16:23","slug":"tips-til-deg-som-skal-soke-laereplass","status":"publish","type":"page","link":"https:\/\/norsktimen.site\/index.php\/tips-til-deg-som-skal-soke-laereplass\/","title":{"rendered":"Tips!"},"content":{"rendered":"\n<p><strong>Tips til deg som skal s\u00f8ke l\u00e6replass!<\/strong><\/p>\n\n\n\n<p>\u00c5 s\u00f8ke l\u00e6replass er ikke rakettforskning, men det hjelper \u00e5 gj\u00f8re litt mer enn absolutt minimum (ja, vi ser dere). En god s\u00f8knad handler om \u00e5 vise hvem du er, hva du kan \u2013 og at du faktisk gidder.<\/p>\n\n\n\n<p>V\u00e6r \u00e6rlig, konkret og ryddig. Les stillingsannonsen. Tilpass s\u00f8knaden. Og nei: samme tekst til ti bedrifter er ikke \u201ceffektivt\u201d, det er bare lat faenskap.<\/p>\n\n\n\n<p>CV og s\u00f8knad b\u00f8r v\u00e6re oversiktlig, fri for skrivefeil og oppdatert. Vis interesse, m\u00f8t opp i tide, og svar p\u00e5 e-post. Sm\u00e5 ting, men utrolig mange fucker det til.<\/p>\n\n\n\n<p>Materiellene p\u00e5 denne siden er laget i samarbeid med l\u00e6rer Carina Lysakerud p\u00e5 Sentrum VGS som faktisk vet hva bedrifter ser etter. Bruk dem. Det \u00f8ker sjansen for l\u00e6replass betraktelig \u2013 og reduserer sjansen for \u00e5 bli ignorert.<\/p>\n\n\n\n<div data-wp-interactive=\"core\/file\" class=\"wp-block-file\"><object data-wp-bind--hidden=\"!state.hasPdfPreview\" hidden class=\"wp-block-file__embed\" data=\"http:\/\/norsktimen.site\/wp-content\/uploads\/2026\/01\/pp1.pdf\" type=\"application\/pdf\" style=\"width:100%;height:600px\" aria-label=\"Innbygging av pp1\"><\/object><a id=\"wp-block-file--media-9dfee11f-3851-4b5d-b2ee-9b9fcc270423\" href=\"http:\/\/norsktimen.site\/wp-content\/uploads\/2026\/01\/pp1.pdf\">pp1<\/a><a href=\"http:\/\/norsktimen.site\/wp-content\/uploads\/2026\/01\/pp1.pdf\" class=\"wp-block-file__button wp-element-button\" download aria-describedby=\"wp-block-file--media-9dfee11f-3851-4b5d-b2ee-9b9fcc270423\">Last ned<\/a><\/div>\n\n\n\n<div data-wp-interactive=\"core\/file\" class=\"wp-block-file\"><object data-wp-bind--hidden=\"!state.hasPdfPreview\" hidden class=\"wp-block-file__embed\" data=\"http:\/\/norsktimen.site\/wp-content\/uploads\/2026\/01\/aerlig.pdf\" type=\"application\/pdf\" style=\"width:100%;height:600px\" aria-label=\"Innbygging av \u00e6rlig\"><\/object><a id=\"wp-block-file--media-722a3456-024e-4f5d-ab81-fe08e204b1b6\" href=\"http:\/\/norsktimen.site\/wp-content\/uploads\/2026\/01\/aerlig.pdf\">\u00e6rlig<\/a><a href=\"http:\/\/norsktimen.site\/wp-content\/uploads\/2026\/01\/aerlig.pdf\" class=\"wp-block-file__button wp-element-button\" download aria-describedby=\"wp-block-file--media-722a3456-024e-4f5d-ab81-fe08e204b1b6\">Last ned<\/a><\/div>\n","protected":false},"excerpt":{"rendered":"<p>Tips til deg som skal s\u00f8ke l\u00e6replass! \u00c5 s\u00f8ke l\u00e6replass er ikke rakettforskning, men det hjelper \u00e5 gj\u00f8re litt mer [&hellip;]<\/p>\n","protected":false},"author":1,"featured_media":0,"parent":0,"menu_order":0,"comment_status":"closed","ping_status":"closed","template":"","meta":{"site-sidebar-layout":"default","site-content-layout":"","ast-site-content-layout":"default","site-content-style":"default","site-sidebar-style":"default","ast-global-header-display":"","ast-banner-title-visibility":"","ast-main-header-display":"","ast-hfb-above-header-display":"","ast-hfb-below-header-display":"","ast-hfb-mobile-header-display":"","site-post-title":"","ast-breadcrumbs-content":"","ast-featured-img":"","footer-sml-layout":"","ast-disable-related-posts":"","theme-transparent-header-meta":"","adv-header-id-meta":"","stick-header-meta":"","header-above-stick-meta":"","header-main-stick-meta":"","header-below-stick-meta":"","astra-migrate-meta-layouts":"default","ast-page-background-enabled":"default","ast-page-background-meta":{"desktop":{"background-color":"var(--ast-global-color-5)","background-image":"","background-repeat":"repeat","background-position":"center center","background-size":"auto","background-attachment":"scroll","background-type":"","background-media":"","overlay-type":"","overlay-color":"","overlay-opacity":"","overlay-gradient":""},"tablet":{"background-color":"","background-image":"","background-repeat":"repeat","background-position":"center center","background-size":"auto","background-attachment":"scroll","background-type":"","background-media":"","overlay-type":"","overlay-color":"","overlay-opacity":"","overlay-gradient":""},"mobile":{"background-color":"","background-image":"","background-repeat":"repeat","background-position":"center center","background-size":"auto","background-attachment":"scroll","background-type":"","background-media":"","overlay-type":"","overlay-color":"","overlay-opacity":"","overlay-gradient":""}},"ast-content-background-meta":{"desktop":{"background-color":"var(--ast-global-color-4)","background-image":"","background-repeat":"repeat","background-position":"center center","background-size":"auto","background-attachment":"scroll","background-type":"","background-media":"","overlay-type":"","overlay-color":"","overlay-opacity":"","overlay-gradient":""},"tablet":{"background-color":"var(--ast-global-color-4)","background-image":"","background-repeat":"repeat","background-position":"center center","background-size":"auto","background-attachment":"scroll","background-type":"","background-media":"","overlay-type":"","overlay-color":"","overlay-opacity":"","overlay-gradient":""},"mobile":{"background-color":"var(--ast-global-color-4)","background-image":"","background-repeat":"repeat","background-position":"center center","background-size":"auto","background-attachment":"scroll","background-type":"","background-media":"","overlay-type":"","overlay-color":"","overlay-opacity":"","overlay-gradient":""}},"footnotes":""},"class_list":["post-71","page","type-page","status-publish","hentry"],"_links":{"self":[{"href":"https:\/\/norsktimen.site\/index.php\/wp-json\/wp\/v2\/pages\/71","targetHints":{"allow":["GET"]}}],"collection":[{"href":"https:\/\/norsktimen.site\/index.php\/wp-json\/wp\/v2\/pages"}],"about":[{"href":"https:\/\/norsktimen.site\/index.php\/wp-json\/wp\/v2\/types\/page"}],"author":[{"embeddable":true,"href":"https:\/\/norsktimen.site\/index.php\/wp-json\/wp\/v2\/users\/1"}],"replies":[{"embeddable":true,"href":"https:\/\/norsktimen.site\/index.php\/wp-json\/wp\/v2\/comments?post=71"}],"version-history":[{"count":4,"href":"https:\/\/norsktimen.site\/index.php\/wp-json\/wp\/v2\/pages\/71\/revisions"}],"predecessor-version":[{"id":78,"href":"https:\/\/norsktimen.site\/index.php\/wp-json\/wp\/v2\/pages\/71\/revisions\/78"}],"wp:attachment":[{"href":"https:\/\/norsktimen.site\/index.php\/wp-json\/wp\/v2\/media?parent=71"}],"curies":[{"name":"wp","href":"https:\/\/api.w.org\/{rel}","templated":true}]}}